{"id":632,"date":"2017-02-02T14:27:30","date_gmt":"2017-02-02T14:27:30","guid":{"rendered":"http:\/\/test.kriesi.at\/enfold-2017\/?page_id=632"},"modified":"2025-10-01T08:25:25","modified_gmt":"2025-10-01T06:25:25","slug":"contact","status":"publish","type":"page","link":"https:\/\/www.somme-finition.com\/beta\/contact\/","title":{"rendered":"Contact"},"content":{"rendered":"\n<style type=\"text\/css\" data-created_by=\"avia_inline_auto\" id=\"style-css-av-mapml14j-4dea1570a51765e98c03184f462c4a9f\">\n.flex_column.av-mapml14j-4dea1570a51765e98c03184f462c4a9f{\nheight:auto;\nmin-height:500px;\nbackground:url(https:\/\/www.somme-finition.com\/beta\/wp-content\/uploads\/plan.jpg) 0% 0% no-repeat scroll ;\n}\n<\/style>\n<div  class='flex_column av-mapml14j-4dea1570a51765e98c03184f462c4a9f av_one_full  avia-builder-el-0  el_before_av_section  avia-builder-el-no-sibling  first no_margin flex_column_div avia-full-contain  '     ><\/div>\n<\/div><\/div><\/div><!-- close content main div --><\/div><\/div>\n<style type=\"text\/css\" data-created_by=\"avia_inline_auto\" id=\"style-css-av-37rikw-7b0f8e3013f7af7e04b36bc4292df5bb\">\n.avia-section.av-37rikw-7b0f8e3013f7af7e04b36bc4292df5bb .av-extra-border-element .av-extra-border-inner{\nbackground-color:#ffffff;\n}\n<\/style>\n<div id='av_section_1'  class='avia-section av-37rikw-7b0f8e3013f7af7e04b36bc4292df5bb main_color avia-section-large avia-no-border-styling  avia-builder-el-1  el_after_av_one_full  el_before_av_section  avia-bg-style-scroll av-arrow-down-section container_wrap fullsize'  ><div class='container av-section-cont-open' ><div class='template-page content  av-content-full alpha units'><div class='post-entry post-entry-type-page post-entry-632'><div class='entry-content-wrapper clearfix'>\n\n<style type=\"text\/css\" data-created_by=\"avia_inline_auto\" id=\"style-css-av-31048g-1aa57301179635e7c24a9882aeb44332\">\n#top .av-special-heading.av-31048g-1aa57301179635e7c24a9882aeb44332{\npadding-bottom:20px;\nfont-size:40px;\n}\nbody .av-special-heading.av-31048g-1aa57301179635e7c24a9882aeb44332 .av-special-heading-tag .heading-char{\nfont-size:25px;\n}\n#top #wrap_all .av-special-heading.av-31048g-1aa57301179635e7c24a9882aeb44332 .av-special-heading-tag{\nfont-size:40px;\n}\n.av-special-heading.av-31048g-1aa57301179635e7c24a9882aeb44332 .av-subheading{\nfont-size:15px;\n}\n\n@media only screen and (min-width: 480px) and (max-width: 767px){ \n#top #wrap_all .av-special-heading.av-31048g-1aa57301179635e7c24a9882aeb44332 .av-special-heading-tag{\nfont-size:0.8em;\n}\n}\n\n@media only screen and (max-width: 479px){ \n#top #wrap_all .av-special-heading.av-31048g-1aa57301179635e7c24a9882aeb44332 .av-special-heading-tag{\nfont-size:0.8em;\n}\n}\n<\/style>\n<div  class='av-special-heading av-31048g-1aa57301179635e7c24a9882aeb44332 av-special-heading-h2 blockquote modern-quote  avia-builder-el-2  el_before_av_notification  avia-builder-el-first  av-inherit-size'><h2 class='av-special-heading-tag '  itemprop=\"headline\"  >Contact<\/h2><div class=\"special-heading-border\"><div class=\"special-heading-inner-border\"><\/div><\/div><\/div>\n\n<style type=\"text\/css\" data-created_by=\"avia_inline_auto\" id=\"style-css-av-mcxb5fec-4eeac8e9e2167a1a2abe743afee2b7e9\">\n@keyframes av_sonarEffect_av-mcxb5fec-4eeac8e9e2167a1a2abe743afee2b7e9 {\n  0% {opacity: 0.3;}\n 40% {opacity: 0.5; box-shadow: 0 0 0 2px rgba(255,255,255,0.1), 0 0 10px 10px #60c930, 0 0 0 10px rgba(255,255,255,0.5);}\n100% {opacity: 0; box-shadow: 0 0 0 2px rgba(255,255,255,0.1), 0 0 10px 10px #60c930, 0 0 0 10px rgba(255,255,255,0.5); transform: scale(1.01);}\n}\n.avia_message_box.av-mcxb5fec-4eeac8e9e2167a1a2abe743afee2b7e9{\nborder-style:none;\n}\n.avia_message_box.av-mcxb5fec-4eeac8e9e2167a1a2abe743afee2b7e9.avia-sonar-shadow:after{\nanimation:av_sonarEffect_av-mcxb5fec-4eeac8e9e2167a1a2abe743afee2b7e9 1s ease-in-out .1s infinite;\n}\n<\/style>\n<div id='avia-messagebox-' class='avia_message_box av_notification av-mcxb5fec-4eeac8e9e2167a1a2abe743afee2b7e9 avia-color-green avia-size-normal avia-icon_select-yes avia-border-  avia-builder-el-3  el_after_av_heading  el_before_av_one_half  avia-sonar-shadow' ><div class=\"avia_message_box_content\"><span class='avia_message_box_icon avia-svg-icon avia-font-svg_entypo-fontello' data-av_svg_icon='user-add' data-av_iconset='svg_entypo-fontello'><svg version=\"1.1\" xmlns=\"http:\/\/www.w3.org\/2000\/svg\" width=\"32\" height=\"32\" viewBox=\"0 0 32 32\" preserveAspectRatio=\"xMidYMid meet\" aria-labelledby='av-svg-title-1' aria-describedby='av-svg-desc-1' role=\"graphics-symbol\">\n<title id='av-svg-title-1'>User-add<\/title>\n<desc id='av-svg-desc-1'>User-add<\/desc>\n<path d=\"M19.84 23.104q5.76 2.048 5.76 3.904v3.392h-25.6v-6.464q1.152-0.448 2.624-0.832 3.008-1.088 4.128-2.208t1.12-3.040q0-0.704-0.736-1.536t-0.992-2.368q-0.064-0.384-0.736-0.8t-0.8-1.952q0-0.512 0.16-0.832t0.288-0.384l0.128-0.128q-0.256-1.6-0.384-2.816-0.192-1.728 1.28-3.584t5.12-1.856 5.12 1.856 1.344 3.584l-0.448 2.816q0.576 0.256 0.576 1.344-0.064 0.896-0.288 1.376t-0.448 0.544-0.448 0.256-0.288 0.576q-0.32 1.472-1.056 2.336t-0.736 1.568q0 1.92 1.152 3.040t4.16 2.208zM27.2 14.4h4.8v3.2h-4.8v4.8h-3.2v-4.8h-4.8v-3.2h4.8v-4.8h3.2v4.8z\"><\/path>\n<\/svg><\/span><p>SoFi recrute, n&rsquo;h\u00e9sitez pas \u00e0 nous contacter<\/p>\n<\/div><\/div>\n\n<style type=\"text\/css\" data-created_by=\"avia_inline_auto\" id=\"style-css-av-2wtpvs-5e281d7e02ac23f8ce103e8806d176b7\">\n.flex_column.av-2wtpvs-5e281d7e02ac23f8ce103e8806d176b7{\nborder-radius:0px 0px 0px 0px;\npadding:0px 0px 0px 0px;\n}\n<\/style>\n<div  class='flex_column av-2wtpvs-5e281d7e02ac23f8ce103e8806d176b7 av_one_half  avia-builder-el-4  el_after_av_notification  el_before_av_one_half  first flex_column_div av-zero-column-padding  '     ><form action=\"https:\/\/www.somme-finition.com\/beta\/contact\/\" method=\"post\" data-fields-with-error=\"Erreurs trouv\u00e9es dans les champs suivants :\" class=\"avia_ajax_form av-form-labels-hidden   avia-builder-el-5  avia-builder-el-no-sibling   \" data-avia-form-id=\"1\" data-avia-redirect=''  aria-label='Formulaire de contact' ><fieldset><p class='  first_form  form_element form_element_half' id='element_avia_1_1'><label for=\"avia_1_1\">Nom <abbr class=\"required\" title=\"requis(e)\">*<\/abbr><\/label> <input name=\"avia_1_1\" class=\"text_input is_empty\" type=\"text\" id=\"avia_1_1\" value=\"\"  placeholder='Nom*'\/><\/p><p class='  form_element form_element_half' id='element_avia_2_1'><label for=\"avia_2_1\">E-Mail <abbr class=\"required\" title=\"requis(e)\">*<\/abbr><\/label> <input name=\"avia_2_1\" class=\"text_input is_email\" type=\"text\" id=\"avia_2_1\" value=\"\"  placeholder='E-Mail*'\/><\/p><p class='  first_form  form_element form_fullwidth' id='element_avia_3_1'><label for=\"avia_3_1\">Objet <abbr class=\"required\" title=\"requis(e)\">*<\/abbr><\/label> <input name=\"avia_3_1\" class=\"text_input is_empty\" type=\"text\" id=\"avia_3_1\" value=\"\"  placeholder='Objet*'\/><\/p><p class='  first_form  form_element form_fullwidth' id='element_avia_4_1'><label for=\"avia_4_1\" class=\"textare_label hidden textare_label_avia_4_1\">Message <abbr class=\"required\" title=\"requis(e)\">*<\/abbr><\/label><textarea  placeholder='Message*' name=\"avia_4_1\" class=\"text_area is_empty\" cols=\"40\" rows=\"7\" id=\"avia_4_1\" ><\/textarea><\/p><div id='avia_5_1' class='av-form-text'><p>\nConfirmez que vous \u00eates humain en effectuant cette addition :<\/p>\n<\/div><p class=\"hidden\"><input type=\"text\" name=\"avia_6_1\" class=\"hidden \" id=\"avia_6_1\" value=\"\" \/><\/p><p class='   form_element form_fullwidth' id='element_avia_7_1'><span class='value_verifier_label'>4 + 0 = ?<\/span><input name=\"avia_7_1_verifier\" type=\"hidden\" id=\"avia_7_1_verifier\" value=\"337874466\"\/><label for=\"avia_7_1\">Merci de prouver que vous \u00eates un humain en donnant le r\u00e9sultat de cette op\u00e9ration <abbr class=\"required\" title=\"requis(e)\">*<\/abbr><\/label><input name=\"avia_7_1\" class=\"text_input captcha\" type=\"text\" id=\"avia_7_1\" value=\"\"\/><\/p><p class=\"form_element \"><input type=\"hidden\" value=\"1\" name=\"avia_generated_form1\" \/><input type=\"submit\" value=\"Envoyer\" class=\"button\"  data-sending-label=\"Envoi\"\/><\/p><\/fieldset><\/form><div id=\"ajaxresponse_1\" class=\"ajaxresponse ajaxresponse_1 hidden\"><\/div><\/div>\n<style type=\"text\/css\" data-created_by=\"avia_inline_auto\" id=\"style-css-av-1y7yns-07b6bbb7f5f342a993958bca3187d5e1\">\n.flex_column.av-1y7yns-07b6bbb7f5f342a993958bca3187d5e1{\nborder-radius:0px 0px 0px 0px;\npadding:0px 0px 0px 0px;\n}\n<\/style>\n<div  class='flex_column av-1y7yns-07b6bbb7f5f342a993958bca3187d5e1 av_one_half  avia-builder-el-6  el_after_av_one_half  avia-builder-el-last  flex_column_div av-zero-column-padding  '     ><section  class='av_textblock_section av-1sxcs0-06e98dbfd28af62af849b65b0a5a9c69 '   itemscope=\"itemscope\" itemtype=\"https:\/\/schema.org\/CreativeWork\" ><div class='avia_textblock'  itemprop=\"text\" ><p>Situ\u00e9s \u00e0 Eppeville, \u00e0 deux pas de Ham, \u00e0 proximit\u00e9 de la D930 et \u00e0 quelques minutes des autoroutes A1 et A29, nos locaux sont facilement accessibles : 40 mn depuis Amiens, 30 mn depuis Saint-Quentin, et moins d\u20191h30 depuis Lille ou Compi\u00e8gne ou Paris.<\/p>\n<h4>ADRESSE<\/h4>\n<p>11 rue de la Clouterie<br \/>\n80400 Eppeville<\/p>\n<h4>CONTACT<\/h4>\n<p>info@somme-finition.com<\/p>\n<h4>T\u00c9L\u00c9PHONE<\/h4>\n<p>03 75 03 01 19<\/p>\n<h4><\/h4>\n<\/div><\/section><\/div><\/div><\/div><\/div><!-- close content main div --><\/div><div class='av-extra-border-element border-extra-arrow-down'><div class='av-extra-border-outer'><div class='av-extra-border-inner'><\/div><\/div><\/div><\/div>\n<style type=\"text\/css\" data-created_by=\"avia_inline_auto\" id=\"style-css-av-1kodf4-fddde8de4c3668915b9915656a0584d1\">\n.avia-section.av-1kodf4-fddde8de4c3668915b9915656a0584d1 .av-section-color-overlay{\nopacity:0.9;\nbackground-color:#35383c;\n}\n<\/style>\n<div id='newsletter'  class='avia-section av-1kodf4-fddde8de4c3668915b9915656a0584d1 main_color avia-section-huge avia-no-border-styling  avia-builder-el-8  el_after_av_section  el_before_av_layout_row  avia-bg-style-fixed av-section-color-overlay-active container_wrap fullsize'  ><div class=\"av-section-color-overlay-wrap\"><div class=\"av-section-color-overlay\"><\/div><div class='container av-section-cont-open' ><div class='template-page content  av-content-full alpha units'><div class='post-entry post-entry-type-page post-entry-632'><div class='entry-content-wrapper clearfix'>\n\n<style type=\"text\/css\" data-created_by=\"avia_inline_auto\" id=\"style-css-av-1f6ck8-e1340b18fcb5e021c8dd8f1fda208b7c\">\n#top .av-special-heading.av-1f6ck8-e1340b18fcb5e021c8dd8f1fda208b7c{\npadding-bottom:20px;\ncolor:#ffffff;\nfont-size:40px;\n}\nbody .av-special-heading.av-1f6ck8-e1340b18fcb5e021c8dd8f1fda208b7c .av-special-heading-tag .heading-char{\nfont-size:25px;\n}\n#top #wrap_all .av-special-heading.av-1f6ck8-e1340b18fcb5e021c8dd8f1fda208b7c .av-special-heading-tag{\nfont-size:40px;\n}\n.av-special-heading.av-1f6ck8-e1340b18fcb5e021c8dd8f1fda208b7c .special-heading-inner-border{\nborder-color:#ffffff;\n}\n.av-special-heading.av-1f6ck8-e1340b18fcb5e021c8dd8f1fda208b7c .av-subheading{\nfont-size:15px;\n}\n\n@media only screen and (min-width: 480px) and (max-width: 767px){ \n#top #wrap_all .av-special-heading.av-1f6ck8-e1340b18fcb5e021c8dd8f1fda208b7c .av-special-heading-tag{\nfont-size:0.8em;\n}\n}\n\n@media only screen and (max-width: 479px){ \n#top #wrap_all .av-special-heading.av-1f6ck8-e1340b18fcb5e021c8dd8f1fda208b7c .av-special-heading-tag{\nfont-size:0.8em;\n}\n}\n<\/style>\n<div  class='av-special-heading av-1f6ck8-e1340b18fcb5e021c8dd8f1fda208b7c av-special-heading-h1 custom-color-heading blockquote modern-quote modern-centered  avia-builder-el-9  el_before_av_one_fifth  avia-builder-el-first  av-inherit-size'><h1 class='av-special-heading-tag '  itemprop=\"headline\"  >Vous voulez recevoir de nos nouvelles?<br \/>Abonnez-vous \u00e0 notre newsletter<\/h1><div class=\"special-heading-border\"><div class=\"special-heading-inner-border\"><\/div><\/div><\/div>\n\n<style type=\"text\/css\" data-created_by=\"avia_inline_auto\" id=\"style-css-av-18va6g-b7bf707956c19562b6e602333e91c258\">\n.flex_column.av-18va6g-b7bf707956c19562b6e602333e91c258{\nborder-radius:0px 0px 0px 0px;\npadding:0px 0px 0px 0px;\n}\n<\/style>\n<div  class='flex_column av-18va6g-b7bf707956c19562b6e602333e91c258 av_one_fifth  avia-builder-el-10  el_after_av_heading  el_before_av_three_fifth  first flex_column_div av-animated-generic fade-in av-zero-column-padding  '     ><\/div>\n<style type=\"text\/css\" data-created_by=\"avia_inline_auto\" id=\"style-css-av-142rj4-6b61ffeecda27a377ebeb72e6d95c965\">\n.flex_column.av-142rj4-6b61ffeecda27a377ebeb72e6d95c965{\nborder-radius:0px 0px 0px 0px;\npadding:0px 0px 0px 0px;\n}\n<\/style>\n<div  class='flex_column av-142rj4-6b61ffeecda27a377ebeb72e6d95c965 av_three_fifth  avia-builder-el-11  el_after_av_one_fifth  el_before_av_one_fifth  flex_column_div av-animated-generic fade-in av-zero-column-padding  '     ><p><form action=\"https:\/\/www.somme-finition.com\/beta\/contact\/\" method=\"post\" data-fields-with-error=\"Erreurs trouv\u00e9es dans les champs suivants :\" class=\"avia_ajax_form av-form-labels-hidden   avia-builder-el-12  el_before_av_textblock  avia-builder-el-first  av-custom-form-color av-light-form \" data-avia-form-id=\"2\" data-avia-redirect=''  aria-label='Formulaire de contact' ><h3 class=''>*** Inscription Newsletter So-Fi ***<\/h3><fieldset><p class='  first_form  form_element form_element_third' id='element_avia_1_2'><label for=\"avia_1_2\">Nom <abbr class=\"required\" title=\"requis(e)\">*<\/abbr><\/label> <input name=\"avia_1_2\" class=\"text_input is_empty\" type=\"text\" id=\"avia_1_2\" value=\"\"  placeholder='Nom*'\/><\/p><p class='  form_element form_element_third av-last-visible-form-element' id='element_avia_2_2'><label for=\"avia_2_2\">E-Mail <abbr class=\"required\" title=\"requis(e)\">*<\/abbr><\/label> <input name=\"avia_2_2\" class=\"text_input is_email\" type=\"text\" id=\"avia_2_2\" value=\"\"  placeholder='E-Mail*'\/><\/p><p class=\"hidden\"><input type=\"text\" name=\"avia_3_2\" class=\"hidden \" id=\"avia_3_2\" value=\"\" \/><\/p><p class=\"form_element form_element_third modified_width\"><input type=\"hidden\" value=\"1\" name=\"avia_generated_form2\" \/><input type=\"submit\" value=\"S\u2019abonner\" class=\"button\"  data-sending-label=\"Envoi\"\/><\/p><\/fieldset><\/form><div id=\"ajaxresponse_2\" class=\"ajaxresponse ajaxresponse_2 hidden\"><\/div><br \/>\n\n<style type=\"text\/css\" data-created_by=\"avia_inline_auto\" id=\"style-css-av-1geag-706881cd3da1b6fdcbb5e05e034138f1\">\n#top .av_textblock_section.av-1geag-706881cd3da1b6fdcbb5e05e034138f1 .avia_textblock{\ncolor:#cecece;\n}\n<\/style>\n<section  class='av_textblock_section av-1geag-706881cd3da1b6fdcbb5e05e034138f1 '   itemscope=\"itemscope\" itemtype=\"https:\/\/schema.org\/CreativeWork\" ><div class='avia_textblock av_inherit_color'  itemprop=\"text\" ><p style=\"text-align: center;\">Nous respectons votre vie priv\u00e9e. Nous ne vous enverrons jamais de spam et ne transmettrons jamais vos informations \u00e0 des tiers.<\/p>\n<\/div><\/section><\/p><\/div>\n<style type=\"text\/css\" data-created_by=\"avia_inline_auto\" id=\"style-css-av-93y1k-bfd520021a562df2a2534485e3c610b2\">\n.flex_column.av-93y1k-bfd520021a562df2a2534485e3c610b2{\nborder-radius:0px 0px 0px 0px;\npadding:0px 0px 0px 0px;\n}\n<\/style>\n<div  class='flex_column av-93y1k-bfd520021a562df2a2534485e3c610b2 av_one_fifth  avia-builder-el-14  el_after_av_three_fifth  avia-builder-el-last  flex_column_div av-animated-generic fade-in av-zero-column-padding  '     ><\/div>\n<\/p>\n<\/div><\/div><\/div><!-- close content main div --><\/div><\/div><\/div><div id='3-col-intro'  class='av-layout-grid-container av-1a86zc-585ce820f4e7bf16e014262065d77471 entry-content-wrapper main_color av-flex-cells  avia-builder-el-15  el_after_av_section  el_before_av_heading  grid-row-not-first  container_wrap fullsize'  >\n\n<style type=\"text\/css\" data-created_by=\"avia_inline_auto\" id=\"style-css-av-135bts-e5fb2e179fd80297fead1f5f4de883a3\">\n.flex_cell.av-135bts-e5fb2e179fd80297fead1f5f4de883a3{\nvertical-align:top;\n}\n.responsive #top #wrap_all .flex_cell.av-135bts-e5fb2e179fd80297fead1f5f4de883a3{\npadding:70px 50px 70px 50px !important;\n}\n<\/style>\n<div class='flex_cell av-135bts-e5fb2e179fd80297fead1f5f4de883a3 av-gridrow-cell av_one_third no_margin  avia-builder-el-16  el_before_av_cell_one_third  avia-builder-el-first  content-align-top'  ><div class='flex_cell_inner'>\n<style type=\"text\/css\" data-created_by=\"avia_inline_auto\" id=\"style-css-av-ygnao-f2737a090c994189f48a7c9d06f10548\">\n.iconbox.av-ygnao-f2737a090c994189f48a7c9d06f10548 .iconbox_icon{\ncolor:#bbbbbb;\n}\n.iconbox.av-ygnao-f2737a090c994189f48a7c9d06f10548 .iconbox_icon.avia-svg-icon svg:first-child{\nfill:#bbbbbb;\nstroke:#bbbbbb;\n}\n<\/style>\n<article  class='iconbox iconbox_left_content av-ygnao-f2737a090c994189f48a7c9d06f10548 av-icon-style-no-border  avia-builder-el-17  avia-builder-el-no-sibling '  itemscope=\"itemscope\" itemtype=\"https:\/\/schema.org\/CreativeWork\" ><div class='iconbox_icon heading-color avia-svg-icon avia-font-svg_entypo-fontello' data-av_svg_icon='check' data-av_iconset='svg_entypo-fontello' ><svg version=\"1.1\" xmlns=\"http:\/\/www.w3.org\/2000\/svg\" width=\"21\" height=\"32\" viewBox=\"0 0 21 32\" preserveAspectRatio=\"xMidYMid meet\" aria-labelledby='av-svg-title-2' aria-describedby='av-svg-desc-2' role=\"graphics-symbol\">\n<title id='av-svg-title-2'>Check<\/title>\n<desc id='av-svg-desc-2'>Check<\/desc>\n<path d=\"M7.968 27.2q-1.088 0-1.792-0.896l-5.76-7.552q-0.512-0.768-0.384-1.664t0.832-1.472 1.632-0.448 1.504 0.896l3.776 4.928 9.472-15.168q0.512-0.768 1.376-0.96t1.696 0.256q0.768 0.512 0.96 1.376t-0.256 1.696l-11.2 17.92q-0.64 1.024-1.792 1.024z\"><\/path>\n<\/svg><\/div><div class=\"iconbox_content\"><header class=\"entry-content-header\" aria-label=\"Ic\u00f4ne : Qualit\u00e9 et durabilit\u00e9\"><h3 class='iconbox_content_title '  itemprop=\"headline\" >Qualit\u00e9 et durabilit\u00e9<\/h3><\/header><div class='iconbox_content_container '  itemprop=\"text\" ><p>Notre proc\u00e9d\u00e9 de thermolaquage garantit une <strong>finition impeccable<\/strong> et une protection <strong>optimale<\/strong> contre la corrosion, les chocs et les intemp\u00e9ries.<br data-start=\"243\" data-end=\"246\" \/>R\u00e9sultat : un rev\u00eatement \u00e0 la fois <strong>esth\u00e9tique<\/strong> et <strong>durable<\/strong>, qui prolonge consid\u00e9rablement la vie de vos pi\u00e8ces.<\/p>\n<\/div><\/div><footer class=\"entry-footer\"><\/footer><\/article>\n<\/div><\/div>\n<style type=\"text\/css\" data-created_by=\"avia_inline_auto\" id=\"style-css-av-rbhkw-709952afcee34ed97c578e2b7dea3fe5\">\n.flex_cell.av-rbhkw-709952afcee34ed97c578e2b7dea3fe5{\nvertical-align:top;\n}\n.responsive #top #wrap_all .flex_cell.av-rbhkw-709952afcee34ed97c578e2b7dea3fe5{\npadding:70px 50px 70px 50px !important;\n}\n<\/style>\n<div class='flex_cell av-rbhkw-709952afcee34ed97c578e2b7dea3fe5 av-gridrow-cell av_one_third no_margin  avia-builder-el-18  el_after_av_cell_one_third  el_before_av_cell_one_third  content-align-top'  ><div class='flex_cell_inner'>\n<style type=\"text\/css\" data-created_by=\"avia_inline_auto\" id=\"style-css-av-ln3k0-23d88dbc4aca9229e72932859dd4390c\">\n.iconbox.av-ln3k0-23d88dbc4aca9229e72932859dd4390c .iconbox_icon{\ncolor:#bbbbbb;\n}\n.iconbox.av-ln3k0-23d88dbc4aca9229e72932859dd4390c .iconbox_icon.avia-svg-icon svg:first-child{\nfill:#bbbbbb;\nstroke:#bbbbbb;\n}\n<\/style>\n<article  class='iconbox iconbox_left_content av-ln3k0-23d88dbc4aca9229e72932859dd4390c av-icon-style-no-border  avia-builder-el-19  avia-builder-el-no-sibling '  itemscope=\"itemscope\" itemtype=\"https:\/\/schema.org\/CreativeWork\" ><div class='iconbox_icon heading-color avia-iconfont avia-font-entypo-fontello' data-av_icon='\ue8dd' data-av_iconfont='entypo-fontello'  ><\/div><div class=\"iconbox_content\"><header class=\"entry-content-header\" aria-label=\"Ic\u00f4ne : R\u00e9activit\u00e9 &amp; flexibilit\u00e9\"><h3 class='iconbox_content_title '  itemprop=\"headline\" >R\u00e9activit\u00e9 & flexibilit\u00e9<\/h3><\/header><div class='iconbox_content_container '  itemprop=\"text\" ><p>Nous traitons vos demandes avec une <strong>grande r\u00e9activit\u00e9<\/strong>, qu\u2019il s\u2019agisse de petites ou de grandes s\u00e9ries.<br data-start=\"176\" data-end=\"179\" \/><strong>Particuliers<\/strong> comme <strong>professionnels<\/strong>, vous b\u00e9n\u00e9ficiez d\u2019un service rapide, adapt\u00e9 \u00e0 vos <strong>besoins<\/strong> et \u00e0 vos <strong>d\u00e9lais<\/strong>.<\/p>\n<\/div><\/div><footer class=\"entry-footer\"><\/footer><\/article>\n<\/div><\/div>\n<style type=\"text\/css\" data-created_by=\"avia_inline_auto\" id=\"style-css-av-fq7z4-6d24b20aa9f7ffad56575ec4c772a060\">\n.flex_cell.av-fq7z4-6d24b20aa9f7ffad56575ec4c772a060{\nvertical-align:top;\n}\n.responsive #top #wrap_all .flex_cell.av-fq7z4-6d24b20aa9f7ffad56575ec4c772a060{\npadding:70px 50px 70px 50px !important;\n}\n<\/style>\n<div class='flex_cell av-fq7z4-6d24b20aa9f7ffad56575ec4c772a060 av-gridrow-cell av_one_third no_margin  avia-builder-el-20  el_after_av_cell_one_third  avia-builder-el-last  content-align-top'  ><div class='flex_cell_inner'>\n<style type=\"text\/css\" data-created_by=\"avia_inline_auto\" id=\"style-css-av-8w4eo-90c6ea0070b7d9d1ef7543315ccbb441\">\n.iconbox.av-8w4eo-90c6ea0070b7d9d1ef7543315ccbb441 .iconbox_icon{\ncolor:#bbbbbb;\n}\n.iconbox.av-8w4eo-90c6ea0070b7d9d1ef7543315ccbb441 .iconbox_icon.avia-svg-icon svg:first-child{\nfill:#bbbbbb;\nstroke:#bbbbbb;\n}\n<\/style>\n<article  class='iconbox iconbox_left_content av-8w4eo-90c6ea0070b7d9d1ef7543315ccbb441 av-icon-style-no-border  avia-builder-el-21  avia-builder-el-no-sibling '  itemscope=\"itemscope\" itemtype=\"https:\/\/schema.org\/CreativeWork\" ><div class='iconbox_icon heading-color avia-svg-icon avia-font-svg_entypo-fontello' data-av_svg_icon='users' data-av_iconset='svg_entypo-fontello' ><svg version=\"1.1\" xmlns=\"http:\/\/www.w3.org\/2000\/svg\" width=\"32\" height=\"32\" viewBox=\"0 0 32 32\" preserveAspectRatio=\"xMidYMid meet\" aria-labelledby='av-svg-title-3' aria-describedby='av-svg-desc-3' role=\"graphics-symbol\">\n<title id='av-svg-title-3'>Users<\/title>\n<desc id='av-svg-desc-3'>Users<\/desc>\n<path d=\"M32 30.080h-7.168v-4.8q0-1.728-0.96-2.592t-4.928-2.848q1.28-0.96 1.28-2.688 0-0.512-0.416-1.056t-0.608-1.632q-0.064-0.256-0.448-0.512t-0.448-1.344q0-0.768 0.384-0.96-0.192-1.088-0.256-1.92-0.128-1.216 0.736-2.496t3.040-1.28 3.072 1.28 0.768 2.496l-0.256 1.92q0.384 0.192 0.384 0.96-0.064 1.088-0.448 1.344t-0.448 0.512q-0.192 1.088-0.608 1.632t-0.416 1.056q0 1.344 0.672 2.112t2.464 1.536q3.584 1.472 4.16 2.56 0.192 0.256 0.288 1.952t0.16 3.232v1.536zM16.384 21.696q5.824 2.496 5.824 3.968v4.416h-22.208v-5.888q0-1.408 2.688-2.496 2.432-1.024 3.328-2.048t0.896-2.816q0-0.64-0.608-1.408t-0.8-2.176q-0.064-0.32-0.576-0.704t-0.64-1.792q0-0.448 0.096-0.736t0.224-0.416l0.128-0.064q-0.192-1.472-0.32-2.624-0.128-1.6 1.056-3.296t4.064-1.696 4.064 1.696 1.056 3.296l-0.32 2.624q0.448 0.256 0.448 1.216-0.128 1.408-0.64 1.792t-0.576 0.704q-0.192 1.408-0.8 2.176t-0.608 1.408q0 1.792 0.896 2.816t3.328 2.048z\"><\/path>\n<\/svg><\/div><div class=\"iconbox_content\"><header class=\"entry-content-header\" aria-label=\"Ic\u00f4ne : Expertise &amp; conseil\"><h3 class='iconbox_content_title '  itemprop=\"headline\" >Expertise & conseil<\/h3><\/header><div class='iconbox_content_container '  itemprop=\"text\" ><p>Gr\u00e2ce \u00e0 notre <strong>expertise m\u00e9tier<\/strong>, nous vous accompagnons avec des conseils techniques <strong>personnalis\u00e9s<\/strong> \u00e0 chaque \u00e9tape de votre projet.<br data-start=\"224\" data-end=\"227\" \/><strong>Proximit\u00e9<\/strong>, <strong>\u00e9coute<\/strong> et <strong>transparence<\/strong> font de la relation client une v\u00e9ritable <strong>priorit\u00e9<\/strong> au quotidien.<\/p>\n<\/div><\/div><footer class=\"entry-footer\"><\/footer><\/article>\n<\/div><\/div>\n<\/div><div id='after_grid_row_1'  class='main_color av_default_container_wrap container_wrap fullsize'  ><div class='container av-section-cont-open' ><div class='template-page content  av-content-full alpha units'><div class='post-entry post-entry-type-page post-entry-632'><div class='entry-content-wrapper clearfix'>\n\n<style type=\"text\/css\" data-created_by=\"avia_inline_auto\" id=\"style-css-av-7cyao-5ec0ec94003582260d3a1172651534d8\">\n#top .av-special-heading.av-7cyao-5ec0ec94003582260d3a1172651534d8{\npadding-bottom:10px;\n}\nbody .av-special-heading.av-7cyao-5ec0ec94003582260d3a1172651534d8 .av-special-heading-tag .heading-char{\nfont-size:25px;\n}\n.av-special-heading.av-7cyao-5ec0ec94003582260d3a1172651534d8 .av-subheading{\nfont-size:15px;\n}\n<\/style>\n<div  class='av-special-heading av-7cyao-5ec0ec94003582260d3a1172651534d8 av-special-heading-h2 blockquote modern-quote modern-centered  avia-builder-el-22  el_after_av_layout_row  avia-builder-el-no-sibling  av-linked-heading'><h2 class='av-special-heading-tag '  itemprop=\"headline\"  ><a class=\"av-heading-link\" href=\"https:\/\/www.soptol.com\" target=\"_blank\"  rel=\"noopener noreferrer\" >En partenariat avec Soptol, nous proposons la fabrication, reproduction, modification ou r\u00e9paration de pi\u00e8ces<\/a><\/h2><div class=\"special-heading-border\"><div class=\"special-heading-inner-border\"><\/div><\/div><\/div>\n","protected":false},"excerpt":{"rendered":"","protected":false},"author":1,"featured_media":0,"parent":0,"menu_order":0,"comment_status":"closed","ping_status":"closed","template":"","meta":{"footnotes":""},"class_list":["post-632","page","type-page","status-publish","hentry"],"_links":{"self":[{"href":"https:\/\/www.somme-finition.com\/beta\/wp-json\/wp\/v2\/pages\/632","targetHints":{"allow":["GET"]}}],"collection":[{"href":"https:\/\/www.somme-finition.com\/beta\/wp-json\/wp\/v2\/pages"}],"about":[{"href":"https:\/\/www.somme-finition.com\/beta\/wp-json\/wp\/v2\/types\/page"}],"author":[{"embeddable":true,"href":"https:\/\/www.somme-finition.com\/beta\/wp-json\/wp\/v2\/users\/1"}],"replies":[{"embeddable":true,"href":"https:\/\/www.somme-finition.com\/beta\/wp-json\/wp\/v2\/comments?post=632"}],"version-history":[{"count":31,"href":"https:\/\/www.somme-finition.com\/beta\/wp-json\/wp\/v2\/pages\/632\/revisions"}],"predecessor-version":[{"id":3480,"href":"https:\/\/www.somme-finition.com\/beta\/wp-json\/wp\/v2\/pages\/632\/revisions\/3480"}],"wp:attachment":[{"href":"https:\/\/www.somme-finition.com\/beta\/wp-json\/wp\/v2\/media?parent=632"}],"curies":[{"name":"wp","href":"https:\/\/api.w.org\/{rel}","templated":true}]}}