{"id":3236,"date":"2025-05-22T09:20:45","date_gmt":"2025-05-22T07:20:45","guid":{"rendered":"https:\/\/www.soptolcleansystem.com\/beta\/?page_id=3236"},"modified":"2025-07-07T14:54:50","modified_gmt":"2025-07-07T12:54:50","slug":"mentions-legales","status":"publish","type":"page","link":"https:\/\/www.somme-finition.com\/beta\/mentions-legales\/","title":{"rendered":"Mentions l\u00e9gales"},"content":{"rendered":"<section  class='av_textblock_section av-maz1ljz2-a84d4447540b15249e0993df843fece8 '   itemscope=\"itemscope\" itemtype=\"https:\/\/schema.org\/CreativeWork\" ><div class='avia_textblock'  itemprop=\"text\" ><h2>D\u00e9finitions<\/h2>\n<p><b>Client :<\/b> tout professionnel ou personne physique capable au sens des articles 1123 et suivants du Code civil, ou personne morale, qui visite le Site objet des pr\u00e9sentes conditions g\u00e9n\u00e9rales.<br \/>\n<b>Prestations et Services :<\/b> <a href=\"https:\/\/www.somme-finition.com\">https:\/\/www.somme-finition.com<\/a> met \u00e0 disposition des Clients :<\/p>\n<p><b>Contenu :<\/b> Ensemble des \u00e9l\u00e9ments constituants l\u2019information pr\u00e9sente sur le Site, notamment textes \u2013 images \u2013 vid\u00e9os.<\/p>\n<p><b>Informations clients :<\/b> Ci apr\u00e8s d\u00e9nomm\u00e9 \u00ab Information (s) \u00bb qui correspondent \u00e0 l\u2019ensemble des donn\u00e9es personnelles susceptibles d\u2019\u00eatre d\u00e9tenues par <a href=\"https:\/\/www.somme-finition.com\">https:\/\/www.somme-finition.com<\/a> pour la gestion de votre compte, de la gestion de la relation client et \u00e0 des fins d\u2019analyses et de statistiques.<\/p>\n<p><b>Utilisateur :<\/b> Internaute se connectant, utilisant le site susnomm\u00e9.<\/p>\n<p><b>Informations personnelles :<\/b> \u00ab Les informations qui permettent, sous quelque forme que ce soit, directement ou non, l&rsquo;identification des personnes physiques auxquelles elles s&rsquo;appliquent \u00bb (article 4 de la loi n\u00b0 78-17 du 6 janvier 1978).<\/p>\n<p>Les termes \u00ab donn\u00e9es \u00e0 caract\u00e8re personnel \u00bb, \u00ab personne concern\u00e9e \u00bb, \u00ab sous traitant \u00bb et \u00ab donn\u00e9es sensibles \u00bb ont le sens d\u00e9fini par le R\u00e8glement G\u00e9n\u00e9ral sur la Protection des Donn\u00e9es (RGPD : n\u00b0 2016-679)<\/p>\n<h2>1. Pr\u00e9sentation du site internet.<\/h2>\n<p>En vertu de l&rsquo;article 6 de la loi n\u00b0 2004-575 du 21 juin 2004 pour la confiance dans l&rsquo;\u00e9conomie num\u00e9rique, il est pr\u00e9cis\u00e9 aux utilisateurs du site internet <a href=\"https:\/\/www.somme-finition.com\">https:\/\/www.somme-finition.com<\/a> l&rsquo;identit\u00e9 des diff\u00e9rents intervenants dans le cadre de sa r\u00e9alisation et de son suivi :<\/p>\n<p><strong>Propri\u00e9taire<\/strong> : SAS SOPTOL au capital social de 100 000 \u20ac. Num\u00e9ro de TVA : FR93340247121 \u2013 11 rue de la Clouterie, 80400 EPPEVILLE<\/p>\n<p><strong>Responsable publication<\/strong> : Paul-Maixent Deveugle \u2013 info@somme-finition.com<br \/>\n<strong>Webmaster<\/strong> : Nord Info Services &#8211; www.nordinfo.fr<br \/>\n<strong>H\u00e9bergeur<\/strong> : OVH \u2013 2 rue Kellermann 59100 Roubaix &#8211; 1007<br \/>\n<strong>D\u00e9l\u00e9gu\u00e9 \u00e0 la protection des donn\u00e9es<\/strong> : Paul-Maixent Deveugle \u2013 info@somme-finition.com<\/p>\n<h2>2. Conditions g\u00e9n\u00e9rales d\u2019utilisation du site et des services propos\u00e9s.<\/h2>\n<p>Le Site constitue une \u0153uvre de l\u2019esprit prot\u00e9g\u00e9e par les dispositions du Code de la Propri\u00e9t\u00e9 Intellectuelle et des R\u00e9glementations Internationales applicables.<br \/>\nLe Client ne peut en aucune mani\u00e8re r\u00e9utiliser, c\u00e9der ou exploiter pour son propre compte tout ou partie des \u00e9l\u00e9ments ou travaux du Site.<\/p>\n<p>L\u2019utilisation du site <a href=\"https:\/\/www.somme-finition.com\">https:\/\/www.somme-finition.com<\/a> implique l\u2019acceptation pleine et enti\u00e8re des conditions g\u00e9n\u00e9rales d\u2019utilisation ci-apr\u00e8s d\u00e9crites. Ces conditions d\u2019utilisation sont susceptibles d\u2019\u00eatre modifi\u00e9es ou compl\u00e9t\u00e9es \u00e0 tout moment, les utilisateurs du site <a href=\"https:\/\/www.somme-finition.com\">https:\/\/www.somme-finition.com<\/a> sont donc invit\u00e9s \u00e0 les consulter de mani\u00e8re r\u00e9guli\u00e8re.<\/p>\n<p>Ce site internet est normalement accessible \u00e0 tout moment aux utilisateurs. Une interruption pour raison de maintenance technique peut \u00eatre toutefois d\u00e9cid\u00e9e par <a href=\"https:\/\/www.somme-finition.com\">https:\/\/www.somme-finition.com<\/a>, qui s\u2019efforcera alors de communiquer pr\u00e9alablement aux utilisateurs les dates et heures de l\u2019intervention.<br \/>\nLe site web <a href=\"https:\/\/www.somme-finition.com\">https:\/\/www.somme-finition.com<\/a> est mis \u00e0 jour r\u00e9guli\u00e8rement par <a href=\"https:\/\/www.somme-finition.com\">https:\/\/www.somme-finition.com<\/a> responsable. De la m\u00eame fa\u00e7on, les mentions l\u00e9gales peuvent \u00eatre modifi\u00e9es \u00e0 tout moment : elles s\u2019imposent n\u00e9anmoins \u00e0 l\u2019utilisateur qui est invit\u00e9 \u00e0 s\u2019y r\u00e9f\u00e9rer le plus souvent possible afin d\u2019en prendre connaissance.<\/p>\n<h2>3. Description des services fournis.<\/h2>\n<p>Le site internet <a href=\"https:\/\/www.somme-finition.com\">https:\/\/www.somme-finition.com<\/a> a pour objet de fournir une information concernant l\u2019ensemble des activit\u00e9s de la soci\u00e9t\u00e9.<br \/>\n<a href=\"https:\/\/www.somme-finition.com\">https:\/\/www.somme-finition.com<\/a> s\u2019efforce de fournir sur le site <a href=\"https:\/\/www.somme-finition.com\">https:\/\/www.somme-finition.com<\/a> des informations aussi pr\u00e9cises que possible. Toutefois, il ne pourra \u00eatre tenu responsable des oublis, des inexactitudes et des carences dans la mise \u00e0 jour, qu\u2019elles soient de son fait ou du fait des tiers partenaires qui lui fournissent ces informations.<\/p>\n<p>Toutes les informations indiqu\u00e9es sur le site <a href=\"https:\/\/www.somme-finition.com\">https:\/\/www.somme-finition.com<\/a> sont donn\u00e9es \u00e0 titre indicatif, et sont susceptibles d\u2019\u00e9voluer. Par ailleurs, les renseignements figurant sur le site <a href=\"https:\/\/www.somme-finition.com\">https:\/\/www.somme-finition.com<\/a> ne sont pas exhaustifs. Ils sont donn\u00e9s sous r\u00e9serve de modifications ayant \u00e9t\u00e9 apport\u00e9es depuis leur mise en ligne.<\/p>\n<h2>4. Limitations contractuelles sur les donn\u00e9es techniques.<\/h2>\n<p>Le site utilise la technologie JavaScript.<\/p>\n<p>Le site Internet ne pourra \u00eatre tenu responsable de dommages mat\u00e9riels li\u00e9s \u00e0 l\u2019utilisation du site. De plus, l\u2019utilisateur du site s\u2019engage \u00e0 acc\u00e9der au site en utilisant un mat\u00e9riel r\u00e9cent, ne contenant pas de virus et avec un navigateur de derni\u00e8re g\u00e9n\u00e9ration mis-\u00e0-jour<br \/>\nLe site <a href=\"https:\/\/www.somme-finition.com\">https:\/\/www.somme-finition.com<\/a> est h\u00e9berg\u00e9 chez un prestataire sur le territoire de l\u2019Union Europ\u00e9enne conform\u00e9ment aux dispositions du R\u00e8glement G\u00e9n\u00e9ral sur la Protection des Donn\u00e9es (RGPD : n\u00b0 2016-679)<\/p>\n<p>L\u2019objectif est d\u2019apporter une prestation qui assure le meilleur taux d\u2019accessibilit\u00e9. L\u2019h\u00e9bergeur assure la continuit\u00e9 de son service 24 Heures sur 24, tous les jours de l\u2019ann\u00e9e. Il se r\u00e9serve n\u00e9anmoins la possibilit\u00e9 d\u2019interrompre le service d\u2019h\u00e9bergement pour les dur\u00e9es les plus courtes possibles notamment \u00e0 des fins de maintenance, d\u2019am\u00e9lioration de ses infrastructures, de d\u00e9faillance de ses infrastructures ou si les Prestations et Services g\u00e9n\u00e8rent un trafic r\u00e9put\u00e9 anormal.<\/p>\n<p><a href=\"https:\/\/www.somme-finition.com\">https:\/\/www.somme-finition.com<\/a> et l\u2019h\u00e9bergeur ne pourront \u00eatre tenus responsables en cas de dysfonctionnement du r\u00e9seau Internet, des lignes t\u00e9l\u00e9phoniques ou du mat\u00e9riel informatique et de t\u00e9l\u00e9phonie li\u00e9 notamment \u00e0 l\u2019encombrement du r\u00e9seau emp\u00eachant l\u2019acc\u00e8s au serveur.<\/p>\n<h2>5. Propri\u00e9t\u00e9 intellectuelle et contrefa\u00e7ons.<\/h2>\n<p><a href=\"https:\/\/www.somme-finition.com\">https:\/\/www.somme-finition.com<\/a> est propri\u00e9taire des droits de propri\u00e9t\u00e9 intellectuelle et d\u00e9tient les droits d\u2019usage sur tous les \u00e9l\u00e9ments visibles accessibles sur le site internet, notamment les textes, images, graphismes, logos, vid\u00e9os, ic\u00f4nes et sons.<br \/>\nToute reproduction, repr\u00e9sentation, modification, publication, adaptation de tout ou partie des \u00e9l\u00e9ments du site, quel que soit le moyen ou le proc\u00e9d\u00e9 utilis\u00e9, est interdite, sauf autorisation \u00e9crite pr\u00e9alable de : <a href=\"https:\/\/www.somme-finition.com\">https:\/\/www.somme-finition.com<\/a>.<\/p>\n<p>Toute exploitation non autoris\u00e9e du site ou de l\u2019un quelconque des \u00e9l\u00e9ments qu\u2019il contient sera consid\u00e9r\u00e9e comme constitutive d\u2019une contrefa\u00e7on et poursuivie conform\u00e9ment aux dispositions des articles L.335-2 et suivants du Code de Propri\u00e9t\u00e9 Intellectuelle.<\/p>\n<h2>6. Limitations de responsabilit\u00e9.<\/h2>\n<p><a href=\"https:\/\/www.somme-finition.com\">https:\/\/www.somme-finition.com<\/a> agit en tant qu\u2019\u00e9diteur du site. <a href=\"https:\/\/www.somme-finition.com\">https:\/\/www.somme-finition.com<\/a> est responsable de la qualit\u00e9 et de la v\u00e9racit\u00e9 du Contenu qu\u2019il publie.<\/p>\n<p><a href=\"https:\/\/www.somme-finition.com\">https:\/\/www.somme-finition.com<\/a> ne pourra \u00eatre tenu responsable des dommages directs et indirects caus\u00e9s au mat\u00e9riel de l\u2019utilisateur, lors de l\u2019acc\u00e8s au site internet <a href=\"https:\/\/www.somme-finition.com\">https:\/\/www.somme-finition.com<\/a>, et r\u00e9sultant soit de l\u2019utilisation d\u2019un mat\u00e9riel ne r\u00e9pondant pas aux sp\u00e9cifications indiqu\u00e9es au point 4, soit de l\u2019apparition d\u2019un bug ou d\u2019une incompatibilit\u00e9.<\/p>\n<p><a href=\"https:\/\/www.somme-finition.com\">https:\/\/www.somme-finition.com<\/a> ne pourra \u00e9galement \u00eatre tenu responsable des dommages indirects (tels par exemple qu\u2019une perte de march\u00e9 ou perte d\u2019une chance) cons\u00e9cutifs \u00e0 l\u2019utilisation du site <a href=\"https:\/\/www.somme-finition.com\">https:\/\/www.somme-finition.com<\/a>.<br \/>\nDes espaces interactifs (possibilit\u00e9 de poser des questions dans l\u2019espace contact) sont \u00e0 la disposition des utilisateurs. <a href=\"https:\/\/www.somme-finition.com\">https:\/\/www.somme-finition.com<\/a> se r\u00e9serve le droit de supprimer, sans mise en demeure pr\u00e9alable, tout contenu d\u00e9pos\u00e9 dans cet espace qui contreviendrait \u00e0 la l\u00e9gislation applicable en France, en particulier aux dispositions relatives \u00e0 la protection des donn\u00e9es. Le cas \u00e9ch\u00e9ant, <a href=\"https:\/\/www.somme-finition.com\">https:\/\/www.somme-finition.com<\/a> se r\u00e9serve \u00e9galement la possibilit\u00e9 de mettre en cause la responsabilit\u00e9 civile et\/ou p\u00e9nale de l\u2019utilisateur, notamment en cas de message \u00e0 caract\u00e8re raciste, injurieux, diffamant, ou pornographique, quel que soit le support utilis\u00e9 (texte, photographie \u2026).<\/p>\n<h2>7. Gestion des donn\u00e9es personnelles.<\/h2>\n<p>Le Client est inform\u00e9 des r\u00e9glementations concernant la communication marketing, la loi du 21 Juin 2014 pour la confiance dans l\u2019Economie Num\u00e9rique, la Loi Informatique et Libert\u00e9 du 06 Ao\u00fbt 2004 ainsi que du R\u00e8glement G\u00e9n\u00e9ral sur la Protection des Donn\u00e9es (RGPD : n\u00b0 2016-679).<\/p>\n<h3>7.1 Collecte des donn\u00e9es personnelles<\/h3>\n<p>Ce site ne collecte pas de donn\u00e9es personnelles, seuls des cookies techniques indispensables \u00e0 son bon fonctionnement sont utilis\u00e9s.<\/p>\n<div><\/div>\n<h2>8. Notification d\u2019incident<\/h2>\n<p>Quels que soient les efforts fournis, aucune m\u00e9thode de transmission sur Internet et aucune m\u00e9thode de stockage \u00e9lectronique n&rsquo;est compl\u00e8tement s\u00fbre. Nous ne pouvons en cons\u00e9quence pas garantir une s\u00e9curit\u00e9 absolue.<br \/>\nSi nous prenions connaissance d&rsquo;une br\u00e8che de la s\u00e9curit\u00e9, nous avertirions les utilisateurs concern\u00e9s afin qu&rsquo;ils puissent prendre les mesures appropri\u00e9es. Nos proc\u00e9dures de notification d\u2019incident tiennent compte de nos obligations l\u00e9gales, qu&rsquo;elles se situent au niveau national ou europ\u00e9en. Nous nous engageons \u00e0 informer pleinement nos clients de toutes les questions relevant de la s\u00e9curit\u00e9 de leur compte et \u00e0 leur fournir toutes les informations n\u00e9cessaires pour les aider \u00e0 respecter leurs propres obligations r\u00e9glementaires en mati\u00e8re de reporting.<\/p>\n<p>Aucune information personnelle de l&rsquo;utilisateur du site <a href=\"https:\/\/www.somme-finition.com\">https:\/\/www.somme-finition.com<\/a> n&rsquo;est publi\u00e9e \u00e0 l&rsquo;insu de l&rsquo;utilisateur, \u00e9chang\u00e9e, transf\u00e9r\u00e9e, c\u00e9d\u00e9e ou vendue sur un support quelconque \u00e0 des tiers. Seule l&rsquo;hypoth\u00e8se du rachat de <a href=\"https:\/\/www.somme-finition.com\">https:\/\/www.somme-finition.com<\/a> et de ses droits permettrait la transmission des dites informations \u00e0 l&rsquo;\u00e9ventuel acqu\u00e9reur qui serait \u00e0 son tour tenu de la m\u00eame obligation de conservation et de modification des donn\u00e9es vis \u00e0 vis de l&rsquo;utilisateur du site <a href=\"https:\/\/www.somme-finition.com\">https:\/\/www.somme-finition.com<\/a>.<\/p>\n<h3>S\u00e9curit\u00e9<\/h3>\n<p>Pour assurer la s\u00e9curit\u00e9 et la confidentialit\u00e9 des Donn\u00e9es Personnelles et des Donn\u00e9es Personnelles de Sant\u00e9, <a href=\"https:\/\/www.somme-finition.com\">https:\/\/www.somme-finition.com<\/a> utilise des r\u00e9seaux prot\u00e9g\u00e9s par des dispositifs standards tels que par pare-feu, la pseudonymisation, l\u2019encryption et mot de passe.<\/p>\n<p>Lors du traitement des Donn\u00e9es Personnelles, <a href=\"https:\/\/www.somme-finition.com\">https:\/\/www.somme-finition.com<\/a>prend toutes les mesures raisonnables visant \u00e0 les prot\u00e9ger contre toute perte, utilisation d\u00e9tourn\u00e9e, acc\u00e8s non autoris\u00e9, divulgation, alt\u00e9ration ou destruction.<\/p>\n<h2>9. Liens hypertextes \u00ab cookies \u00bb et balises (\u201ctags\u201d) internet<\/h2>\n<p>Le site <a href=\"https:\/\/www.somme-finition.com\">https:\/\/www.somme-finition.com<\/a> contient un certain nombre de liens hypertextes vers d\u2019autres sites, mis en place avec l\u2019autorisation de <a href=\"https:\/\/www.somme-finition.com\">https:\/\/www.somme-finition.com<\/a>. Cependant, <a href=\"https:\/\/www.somme-finition.com\">https:\/\/www.somme-finition.com<\/a> n\u2019a pas la possibilit\u00e9 de v\u00e9rifier le contenu des sites ainsi visit\u00e9s, et n\u2019assumera en cons\u00e9quence aucune responsabilit\u00e9 de ce fait.<\/p>\n<p>Sauf si vous d\u00e9cidez de d\u00e9sactiver les cookies, vous acceptez que le site puisse les utiliser. Vous pouvez \u00e0 tout moment d\u00e9sactiver ces cookies et ce gratuitement \u00e0 partir des possibilit\u00e9s de d\u00e9sactivation qui vous sont offertes et rappel\u00e9es ci-apr\u00e8s, sachant que cela peut r\u00e9duire ou emp\u00eacher l\u2019accessibilit\u00e9 \u00e0 tout ou partie des Services propos\u00e9s par le site.<\/p>\n<h3>9.1. \u00ab COOKIES \u00bb<\/h3>\n<p>Un \u00ab cookie \u00bb est un petit fichier d\u2019information envoy\u00e9 sur le navigateur de l\u2019Utilisateur et enregistr\u00e9 au sein du terminal de l\u2019Utilisateur (ex : ordinateur, smartphone), (ci-apr\u00e8s \u00ab Cookies \u00bb). Ce fichier comprend des informations telles que le nom de domaine de l\u2019Utilisateur, le fournisseur d\u2019acc\u00e8s Internet de l\u2019Utilisateur, le syst\u00e8me d\u2019exploitation de l\u2019Utilisateur, ainsi que la date et l\u2019heure d\u2019acc\u00e8s. Les Cookies ne risquent en aucun cas d\u2019endommager le terminal de l\u2019Utilisateur.<\/p>\n<p>Ce site ne collecte pas de donn\u00e9es personnelles, seuls des cookies techniques indispensables \u00e0 son bon fonctionnement sont utilis\u00e9s.<\/p>\n<h2>10. Droit applicable et attribution de juridiction.<\/h2>\n<p>Tout litige en relation avec l\u2019utilisation du site <a href=\"https:\/\/www.somme-finition.com\">https:\/\/www.somme-finition.com<\/a> est soumis au droit fran\u00e7ais.<br \/>\nEn dehors des cas o\u00f9 la loi ne le permet pas, il est fait attribution exclusive de juridiction aux tribunaux comp\u00e9tents d&rsquo;Amiens.<\/p>\n<\/div><\/section>\n","protected":false},"excerpt":{"rendered":"","protected":false},"author":1,"featured_media":0,"parent":0,"menu_order":0,"comment_status":"closed","ping_status":"closed","template":"","meta":{"footnotes":""},"class_list":["post-3236","page","type-page","status-publish","hentry"],"_links":{"self":[{"href":"https:\/\/www.somme-finition.com\/beta\/wp-json\/wp\/v2\/pages\/3236","targetHints":{"allow":["GET"]}}],"collection":[{"href":"https:\/\/www.somme-finition.com\/beta\/wp-json\/wp\/v2\/pages"}],"about":[{"href":"https:\/\/www.somme-finition.com\/beta\/wp-json\/wp\/v2\/types\/page"}],"author":[{"embeddable":true,"href":"https:\/\/www.somme-finition.com\/beta\/wp-json\/wp\/v2\/users\/1"}],"replies":[{"embeddable":true,"href":"https:\/\/www.somme-finition.com\/beta\/wp-json\/wp\/v2\/comments?post=3236"}],"version-history":[{"count":7,"href":"https:\/\/www.somme-finition.com\/beta\/wp-json\/wp\/v2\/pages\/3236\/revisions"}],"predecessor-version":[{"id":3386,"href":"https:\/\/www.somme-finition.com\/beta\/wp-json\/wp\/v2\/pages\/3236\/revisions\/3386"}],"wp:attachment":[{"href":"https:\/\/www.somme-finition.com\/beta\/wp-json\/wp\/v2\/media?parent=3236"}],"curies":[{"name":"wp","href":"https:\/\/api.w.org\/{rel}","templated":true}]}}